{"id":62,"date":"2021-07-23T11:14:50","date_gmt":"2021-07-23T09:14:50","guid":{"rendered":"http:\/\/rabahchikhi.fr\/?page_id=62"},"modified":"2021-07-23T11:25:48","modified_gmt":"2021-07-23T09:25:48","slug":"message","status":"publish","type":"page","link":"https:\/\/rabahchikhi.fr\/?page_id=62","title":{"rendered":"Message"},"content":{"rendered":"\n<p>Notre objectif est de faire \u00e9volu\u00e9 le monde du jeu vid\u00e9o,<\/p>\n\n\n\n<p>d&#8217;apporter une nouvelle pierre et ainsi donner un nouveau<\/p>\n\n\n\n<p>souffle au monde vid\u00e9oludique, qui bien trop souvent se ferme<\/p>\n\n\n\n<p>au son des genres bien d\u00e9finis.<\/p>\n","protected":false},"excerpt":{"rendered":"<p>Notre objectif est de faire \u00e9volu\u00e9 le monde du jeu vid\u00e9o, d&#8217;apporter une nouvelle pierre et ainsi donner un nouveau souffle au monde vid\u00e9oludique, qui bien trop souvent se ferme au son des genres bien d\u00e9finis.<\/p>\n","protected":false},"author":1,"featured_media":0,"parent":0,"menu_order":0,"comment_status":"closed","ping_status":"closed","template":"","meta":[],"_links":{"self":[{"href":"https:\/\/rabahchikhi.fr\/index.php?rest_route=\/wp\/v2\/pages\/62"}],"collection":[{"href":"https:\/\/rabahchikhi.fr\/index.php?rest_route=\/wp\/v2\/pages"}],"about":[{"href":"https:\/\/rabahchikhi.fr\/index.php?rest_route=\/wp\/v2\/types\/page"}],"author":[{"embeddable":true,"href":"https:\/\/rabahchikhi.fr\/index.php?rest_route=\/wp\/v2\/users\/1"}],"replies":[{"embeddable":true,"href":"https:\/\/rabahchikhi.fr\/index.php?rest_route=%2Fwp%2Fv2%2Fcomments&post=62"}],"version-history":[{"count":2,"href":"https:\/\/rabahchikhi.fr\/index.php?rest_route=\/wp\/v2\/pages\/62\/revisions"}],"predecessor-version":[{"id":66,"href":"https:\/\/rabahchikhi.fr\/index.php?rest_route=\/wp\/v2\/pages\/62\/revisions\/66"}],"wp:attachment":[{"href":"https:\/\/rabahchikhi.fr\/index.php?rest_route=%2Fwp%2Fv2%2Fmedia&parent=62"}],"curies":[{"name":"wp","href":"https:\/\/api.w.org\/{rel}","templated":true}]}}